{"id":4605,"date":"2020-06-03T18:06:06","date_gmt":"2020-06-03T16:06:06","guid":{"rendered":"http:\/\/green-brands.org.w01a4918.kasserver.com\/?page_id=4605"},"modified":"2021-03-31T12:10:44","modified_gmt":"2021-03-31T10:10:44","slug":"slovakia","status":"publish","type":"page","link":"https:\/\/green-brands.org\/en\/awarded-brands\/slovakia\/","title":{"rendered":"Slovakia"},"content":{"rendered":"<div class=\"wpb-content-wrapper\"><p>[vc_row][vc_column width=&#8221;1\/3&#8243;][vc_single_image image=&#8221;2977&#8243; img_size=&#8221;280&#215;280&#8243;][\/vc_column][vc_column width=&#8221;2\/3&#8243;][vc_column_text]GREEN BRANDS Slovakia has been in the first process since 2021 and will honour all the awarded brands at an Award Gala in autumn 2022.<\/p>\n<p>Up-to-date information can be found here: <a href=\"http:\/\/www.GREEN-BRANDS.sk\" target=\"_blank\" rel=\"noopener\">www.GREEN-BRANDS.sk<\/a><\/p>\n<p>&nbsp;<\/p>\n<p><strong>Contact us<\/strong><\/p>\n<p>Agne\u0161a Ga\u0161peranov\u00e1<br \/>\nGREEN BRANDS Slovakia<br \/>\n+420 228 883 583<br \/>\n<a href=\"mailto:agnesa.gasperanova@green-brands.org\" target=\"_blank\" rel=\"noopener\">agnesa.gasperanova@green-brands.org<\/a><br \/>\n<a href=\"http:\/\/www.green-brands.sk\" target=\"_blank\" rel=\"noopener\">www.green-brands.sk<\/a>[\/vc_column_text][\/vc_column][\/vc_row]<\/p>\n<\/div>","protected":false},"excerpt":{"rendered":"<p>[vc_row][vc_column width=&#8221;1\/3&#8243;][vc_single_image image=&#8221;2977&#8243; img_size=&#8221;280&#215;280&#8243;][\/vc_column][vc_column width=&#8221;2\/3&#8243;][vc_column_text]GREEN BRANDS Slovakia has been in the first process since 2021 and will honour all the awarded brands at an Award Gala in autumn 2022. Up-to-date information can be found here: www.GREEN-BRANDS.sk &nbsp; Contact us Agne\u0161a Ga\u0161peranov\u00e1 GREEN BRANDS Slovakia +420 228 883 583 agnesa.gasperanova@green-brands.org www.green-brands.sk[\/vc_column_text][\/vc_column][\/vc_row]<\/p>\n","protected":false},"author":1,"featured_media":0,"parent":4467,"menu_order":0,"comment_status":"closed","ping_status":"closed","template":"","meta":{"footnotes":""},"class_list":["post-4605","page","type-page","status-publish","hentry"],"yoast_head":"<!-- This site is optimized with the Yoast SEO plugin v26.8 - https:\/\/yoast.com\/product\/yoast-seo-wordpress\/ -->\n<title>Slovakia - GREEN BRANDS<\/title>\n<meta name=\"robots\" content=\"index, follow, max-snippet:-1, max-image-preview:large, max-video-preview:-1\" \/>\n<link rel=\"canonical\" href=\"https:\/\/green-brands.org\/en\/awarded-brands\/slovakia\/\" \/>\n<meta property=\"og:locale\" content=\"en_US\" \/>\n<meta property=\"og:type\" content=\"article\" \/>\n<meta property=\"og:title\" content=\"Slovakia - GREEN BRANDS\" \/>\n<meta property=\"og:description\" content=\"[vc_row][vc_column width=&#8221;1\/3&#8243;][vc_single_image image=&#8221;2977&#8243; img_size=&#8221;280&#215;280&#8243;][\/vc_column][vc_column width=&#8221;2\/3&#8243;][vc_column_text]GREEN BRANDS Slovakia has been in the first process since 2021 and will honour all the awarded brands at an Award Gala in autumn 2022. Up-to-date information can be found here: www.GREEN-BRANDS.sk &nbsp; Contact us Agne\u0161a Ga\u0161peranov\u00e1 GREEN BRANDS Slovakia +420 228 883 583 agnesa.gasperanova@green-brands.org www.green-brands.sk[\/vc_column_text][\/vc_column][\/vc_row]\" \/>\n<meta property=\"og:url\" content=\"https:\/\/green-brands.org\/en\/awarded-brands\/slovakia\/\" \/>\n<meta property=\"og:site_name\" content=\"GREEN BRANDS\" \/>\n<meta property=\"article:modified_time\" content=\"2021-03-31T10:10:44+00:00\" \/>\n<meta name=\"twitter:card\" content=\"summary_large_image\" \/>\n<meta name=\"twitter:label1\" content=\"Est. reading time\" \/>\n\t<meta name=\"twitter:data1\" content=\"1 minute\" \/>\n<script type=\"application\/ld+json\" class=\"yoast-schema-graph\">{\"@context\":\"https:\/\/schema.org\",\"@graph\":[{\"@type\":\"WebPage\",\"@id\":\"https:\/\/green-brands.org\/en\/awarded-brands\/slovakia\/\",\"url\":\"https:\/\/green-brands.org\/en\/awarded-brands\/slovakia\/\",\"name\":\"Slovakia - GREEN BRANDS\",\"isPartOf\":{\"@id\":\"https:\/\/green-brands.org\/#website\"},\"datePublished\":\"2020-06-03T16:06:06+00:00\",\"dateModified\":\"2021-03-31T10:10:44+00:00\",\"breadcrumb\":{\"@id\":\"https:\/\/green-brands.org\/en\/awarded-brands\/slovakia\/#breadcrumb\"},\"inLanguage\":\"en-US\",\"potentialAction\":[{\"@type\":\"ReadAction\",\"target\":[\"https:\/\/green-brands.org\/en\/awarded-brands\/slovakia\/\"]}]},{\"@type\":\"BreadcrumbList\",\"@id\":\"https:\/\/green-brands.org\/en\/awarded-brands\/slovakia\/#breadcrumb\",\"itemListElement\":[{\"@type\":\"ListItem\",\"position\":1,\"name\":\"Startseite\",\"item\":\"https:\/\/green-brands.org\/en\/\"},{\"@type\":\"ListItem\",\"position\":2,\"name\":\"Awarded Brands\",\"item\":\"https:\/\/green-brands.org\/en\/awarded-brands\/\"},{\"@type\":\"ListItem\",\"position\":3,\"name\":\"Slovakia\"}]},{\"@type\":\"WebSite\",\"@id\":\"https:\/\/green-brands.org\/#website\",\"url\":\"https:\/\/green-brands.org\/\",\"name\":\"GREEN BRANDS\",\"description\":\"\",\"potentialAction\":[{\"@type\":\"SearchAction\",\"target\":{\"@type\":\"EntryPoint\",\"urlTemplate\":\"https:\/\/green-brands.org\/?s={search_term_string}\"},\"query-input\":{\"@type\":\"PropertyValueSpecification\",\"valueRequired\":true,\"valueName\":\"search_term_string\"}}],\"inLanguage\":\"en-US\"}]}<\/script>\n<!-- \/ Yoast SEO plugin. -->","yoast_head_json":{"title":"Slovakia - GREEN BRANDS","robots":{"index":"index","follow":"follow","max-snippet":"max-snippet:-1","max-image-preview":"max-image-preview:large","max-video-preview":"max-video-preview:-1"},"canonical":"https:\/\/green-brands.org\/en\/awarded-brands\/slovakia\/","og_locale":"en_US","og_type":"article","og_title":"Slovakia - GREEN BRANDS","og_description":"[vc_row][vc_column width=&#8221;1\/3&#8243;][vc_single_image image=&#8221;2977&#8243; img_size=&#8221;280&#215;280&#8243;][\/vc_column][vc_column width=&#8221;2\/3&#8243;][vc_column_text]GREEN BRANDS Slovakia has been in the first process since 2021 and will honour all the awarded brands at an Award Gala in autumn 2022. Up-to-date information can be found here: www.GREEN-BRANDS.sk &nbsp; Contact us Agne\u0161a Ga\u0161peranov\u00e1 GREEN BRANDS Slovakia +420 228 883 583 agnesa.gasperanova@green-brands.org www.green-brands.sk[\/vc_column_text][\/vc_column][\/vc_row]","og_url":"https:\/\/green-brands.org\/en\/awarded-brands\/slovakia\/","og_site_name":"GREEN BRANDS","article_modified_time":"2021-03-31T10:10:44+00:00","twitter_card":"summary_large_image","twitter_misc":{"Est. reading time":"1 minute"},"schema":{"@context":"https:\/\/schema.org","@graph":[{"@type":"WebPage","@id":"https:\/\/green-brands.org\/en\/awarded-brands\/slovakia\/","url":"https:\/\/green-brands.org\/en\/awarded-brands\/slovakia\/","name":"Slovakia - GREEN BRANDS","isPartOf":{"@id":"https:\/\/green-brands.org\/#website"},"datePublished":"2020-06-03T16:06:06+00:00","dateModified":"2021-03-31T10:10:44+00:00","breadcrumb":{"@id":"https:\/\/green-brands.org\/en\/awarded-brands\/slovakia\/#breadcrumb"},"inLanguage":"en-US","potentialAction":[{"@type":"ReadAction","target":["https:\/\/green-brands.org\/en\/awarded-brands\/slovakia\/"]}]},{"@type":"BreadcrumbList","@id":"https:\/\/green-brands.org\/en\/awarded-brands\/slovakia\/#breadcrumb","itemListElement":[{"@type":"ListItem","position":1,"name":"Startseite","item":"https:\/\/green-brands.org\/en\/"},{"@type":"ListItem","position":2,"name":"Awarded Brands","item":"https:\/\/green-brands.org\/en\/awarded-brands\/"},{"@type":"ListItem","position":3,"name":"Slovakia"}]},{"@type":"WebSite","@id":"https:\/\/green-brands.org\/#website","url":"https:\/\/green-brands.org\/","name":"GREEN BRANDS","description":"","potentialAction":[{"@type":"SearchAction","target":{"@type":"EntryPoint","urlTemplate":"https:\/\/green-brands.org\/?s={search_term_string}"},"query-input":{"@type":"PropertyValueSpecification","valueRequired":true,"valueName":"search_term_string"}}],"inLanguage":"en-US"}]}},"_links":{"self":[{"href":"https:\/\/green-brands.org\/en\/wp-json\/wp\/v2\/pages\/4605","targetHints":{"allow":["GET"]}}],"collection":[{"href":"https:\/\/green-brands.org\/en\/wp-json\/wp\/v2\/pages"}],"about":[{"href":"https:\/\/green-brands.org\/en\/wp-json\/wp\/v2\/types\/page"}],"author":[{"embeddable":true,"href":"https:\/\/green-brands.org\/en\/wp-json\/wp\/v2\/users\/1"}],"replies":[{"embeddable":true,"href":"https:\/\/green-brands.org\/en\/wp-json\/wp\/v2\/comments?post=4605"}],"version-history":[{"count":4,"href":"https:\/\/green-brands.org\/en\/wp-json\/wp\/v2\/pages\/4605\/revisions"}],"predecessor-version":[{"id":5422,"href":"https:\/\/green-brands.org\/en\/wp-json\/wp\/v2\/pages\/4605\/revisions\/5422"}],"up":[{"embeddable":true,"href":"https:\/\/green-brands.org\/en\/wp-json\/wp\/v2\/pages\/4467"}],"wp:attachment":[{"href":"https:\/\/green-brands.org\/en\/wp-json\/wp\/v2\/media?parent=4605"}],"curies":[{"name":"wp","href":"https:\/\/api.w.org\/{rel}","templated":true}]}}