{"id":4901,"date":"2020-06-30T11:57:24","date_gmt":"2020-06-30T09:57:24","guid":{"rendered":"https:\/\/green-brands.org\/?page_id=4901"},"modified":"2026-01-28T11:47:07","modified_gmt":"2026-01-28T10:47:07","slug":"kontakt","status":"publish","type":"page","link":"https:\/\/green-brands.org\/en\/kontakt\/","title":{"rendered":"Contact"},"content":{"rendered":"<div class=\"wpb-content-wrapper\"><p>[vc_row][vc_column width=&#8221;1\/3&#8243;][vc_single_image image=&#8221;7798&#8243; img_size=&#8221;250&#215;250&#8243; css=&#8221;&#8221;][\/vc_column][vc_column width=&#8221;2\/3&#8243;][vc_column_text css=&#8221;&#8221;]<\/p>\n<h2>GREEN BRANDS has a presence in the following countries. You can find the respective contact details here.<\/h2>\n<p>[\/vc_column_text][\/vc_column][\/vc_row][vc_row][vc_column width=&#8221;1\/2&#8243;][vc_column_text css=&#8221;&#8221;]<strong>Austria<\/strong><\/p>\n<p>Kontakt: Norbert Lux<br \/>\nKnollgasse 1a<br \/>\n1170 Wien<br \/>\nAustria<br \/>\n+43(0)1-486 30 05<br \/>\nE-Mail: office@green-brands.org<\/p>\n<p><strong>\u00a0<\/strong><\/p>\n<p><strong>Germany<\/strong><\/p>\n<p>Kontakt: Norbert Lux<br \/>\nWacholderbergstr. 29<br \/>\n90587 Veitsbronn<br \/>\nGermany<br \/>\nTel: +49-(0)911-97 99 5 99<br \/>\nFax +49-(0)911-97 99 5 33<br \/>\nE-Mail: office@green-brands.org<\/p>\n<p>&nbsp;<\/p>\n<p><strong>Switzerland<\/strong><br \/>\nKontakt: Norbert Lux<br \/>\nGREEN BRANDS Switzerland<br \/>\nTel. +49(0)911 97 99 599<br \/>\nE-Mail: <a href=\"mailto:switzerland@GREEN-BRANDS.org\">switzerland@GREEN-BRANDS.org<\/a><\/p>\n<p>&nbsp;<\/p>\n<p><strong>Czech Republic<\/strong><\/p>\n<p>Kontakt: Agne\u0161a Ga\u0161peranov\u00e1<br \/>\nMezou\u0148 203<br \/>\n267 16 Mezou\u0148<br \/>\nTel.: +420 228 883 583<br \/>\nE-Mail: czech@GREEN-BRANDS.org<br \/>\nwww.green-brands.cz[\/vc_column_text][\/vc_column][vc_column width=&#8221;1\/2&#8243;][vc_column_text css=&#8221;&#8221;]<strong>Slovakia<\/strong><\/p>\n<p>Kontakt: Agne\u0161a Ga\u0161peranov\u00e1<br \/>\nVajnorsk\u00e1 8\/A<br \/>\n831 04 Bratislava<br \/>\nTel.: +421 2330 46950<br \/>\nAgnesa.Gasperanova@GREEN-BRANDS.org<br \/>\nwww.GREEN-BRANDS.sk<\/p>\n<p>&nbsp;<\/p>\n<p><strong>Hungary<\/strong><\/p>\n<p>Kontakt: Hajnalka Kov\u00e1cs-Cz\u00f6vek<br \/>\nT\u00f6r\u00f6kv\u00e9sz \u00fat 3\/A<br \/>\n1025 Budapest<br \/>\nMobile: +36 70 338 0275<br \/>\nE-Mail: hungary@GREEN-BRANDS.org<br \/>\nwww.green-brands.hu<\/p>\n<p>&nbsp;<\/p>\n<p><strong>Italy<\/strong><br \/>\nKontakt: Martin Neureiter<br \/>\nCSR Company Italia<br \/>\nRiva Tommaso Gulli 12<br \/>\n34123 Trieste<br \/>\nTel: +39 331 788 00 80<br \/>\nItaly@GREEN-BRANDS.org<br \/>\nwww.GREEN-BRANDS.it[\/vc_column_text][\/vc_column][\/vc_row]<\/p>\n<\/div>","protected":false},"excerpt":{"rendered":"<p>[vc_row][vc_column width=&#8221;1\/3&#8243;][vc_single_image image=&#8221;7798&#8243; img_size=&#8221;250&#215;250&#8243; css=&#8221;&#8221;][\/vc_column][vc_column width=&#8221;2\/3&#8243;][vc_column_text css=&#8221;&#8221;] GREEN BRANDS has a presence in the following countries. You can find the respective contact details here. [\/vc_column_text][\/vc_column][\/vc_row][vc_row][vc_column width=&#8221;1\/2&#8243;][vc_column_text css=&#8221;&#8221;]Austria Kontakt: Norbert Lux Knollgasse 1a 1170 Wien Austria +43(0)1-486 30 05 E-Mail: office@green-brands.org \u00a0 Germany Kontakt: Norbert Lux Wacholderbergstr. 29 90587 Veitsbronn Germany Tel: +49-(0)911-97 99 5 99 Fax +49-(0)911-97 99 5 33&#8230;<\/p>\n","protected":false},"author":1,"featured_media":0,"parent":0,"menu_order":0,"comment_status":"closed","ping_status":"closed","template":"","meta":{"footnotes":""},"class_list":["post-4901","page","type-page","status-publish","hentry"],"yoast_head":"<!-- This site is optimized with the Yoast SEO plugin v26.8 - https:\/\/yoast.com\/product\/yoast-seo-wordpress\/ -->\n<title>Contact - GREEN BRANDS<\/title>\n<meta name=\"robots\" content=\"index, follow, max-snippet:-1, max-image-preview:large, max-video-preview:-1\" \/>\n<link rel=\"canonical\" href=\"https:\/\/green-brands.org\/en\/kontakt\/\" \/>\n<meta property=\"og:locale\" content=\"en_US\" \/>\n<meta property=\"og:type\" content=\"article\" \/>\n<meta property=\"og:title\" content=\"Contact - GREEN BRANDS\" \/>\n<meta property=\"og:description\" content=\"[vc_row][vc_column width=&#8221;1\/3&#8243;][vc_single_image image=&#8221;7798&#8243; img_size=&#8221;250&#215;250&#8243; css=&#8221;&#8221;][\/vc_column][vc_column width=&#8221;2\/3&#8243;][vc_column_text css=&#8221;&#8221;] GREEN BRANDS has a presence in the following countries. You can find the respective contact details here. [\/vc_column_text][\/vc_column][\/vc_row][vc_row][vc_column width=&#8221;1\/2&#8243;][vc_column_text css=&#8221;&#8221;]Austria Kontakt: Norbert Lux Knollgasse 1a 1170 Wien Austria +43(0)1-486 30 05 E-Mail: office@green-brands.org \u00a0 Germany Kontakt: Norbert Lux Wacholderbergstr. 29 90587 Veitsbronn Germany Tel: +49-(0)911-97 99 5 99 Fax +49-(0)911-97 99 5 33...\" \/>\n<meta property=\"og:url\" content=\"https:\/\/green-brands.org\/en\/kontakt\/\" \/>\n<meta property=\"og:site_name\" content=\"GREEN BRANDS\" \/>\n<meta property=\"article:modified_time\" content=\"2026-01-28T10:47:07+00:00\" \/>\n<meta name=\"twitter:card\" content=\"summary_large_image\" \/>\n<meta name=\"twitter:label1\" content=\"Est. reading time\" \/>\n\t<meta name=\"twitter:data1\" content=\"2 minutes\" \/>\n<script type=\"application\/ld+json\" class=\"yoast-schema-graph\">{\"@context\":\"https:\/\/schema.org\",\"@graph\":[{\"@type\":\"WebPage\",\"@id\":\"https:\/\/green-brands.org\/en\/kontakt\/\",\"url\":\"https:\/\/green-brands.org\/en\/kontakt\/\",\"name\":\"Contact - GREEN BRANDS\",\"isPartOf\":{\"@id\":\"https:\/\/green-brands.org\/#website\"},\"datePublished\":\"2020-06-30T09:57:24+00:00\",\"dateModified\":\"2026-01-28T10:47:07+00:00\",\"breadcrumb\":{\"@id\":\"https:\/\/green-brands.org\/en\/kontakt\/#breadcrumb\"},\"inLanguage\":\"en-US\",\"potentialAction\":[{\"@type\":\"ReadAction\",\"target\":[\"https:\/\/green-brands.org\/en\/kontakt\/\"]}]},{\"@type\":\"BreadcrumbList\",\"@id\":\"https:\/\/green-brands.org\/en\/kontakt\/#breadcrumb\",\"itemListElement\":[{\"@type\":\"ListItem\",\"position\":1,\"name\":\"Startseite\",\"item\":\"https:\/\/green-brands.org\/en\/\"},{\"@type\":\"ListItem\",\"position\":2,\"name\":\"Contact\"}]},{\"@type\":\"WebSite\",\"@id\":\"https:\/\/green-brands.org\/#website\",\"url\":\"https:\/\/green-brands.org\/\",\"name\":\"GREEN BRANDS\",\"description\":\"\",\"potentialAction\":[{\"@type\":\"SearchAction\",\"target\":{\"@type\":\"EntryPoint\",\"urlTemplate\":\"https:\/\/green-brands.org\/?s={search_term_string}\"},\"query-input\":{\"@type\":\"PropertyValueSpecification\",\"valueRequired\":true,\"valueName\":\"search_term_string\"}}],\"inLanguage\":\"en-US\"}]}<\/script>\n<!-- \/ Yoast SEO plugin. -->","yoast_head_json":{"title":"Contact - GREEN BRANDS","robots":{"index":"index","follow":"follow","max-snippet":"max-snippet:-1","max-image-preview":"max-image-preview:large","max-video-preview":"max-video-preview:-1"},"canonical":"https:\/\/green-brands.org\/en\/kontakt\/","og_locale":"en_US","og_type":"article","og_title":"Contact - GREEN BRANDS","og_description":"[vc_row][vc_column width=&#8221;1\/3&#8243;][vc_single_image image=&#8221;7798&#8243; img_size=&#8221;250&#215;250&#8243; css=&#8221;&#8221;][\/vc_column][vc_column width=&#8221;2\/3&#8243;][vc_column_text css=&#8221;&#8221;] GREEN BRANDS has a presence in the following countries. You can find the respective contact details here. [\/vc_column_text][\/vc_column][\/vc_row][vc_row][vc_column width=&#8221;1\/2&#8243;][vc_column_text css=&#8221;&#8221;]Austria Kontakt: Norbert Lux Knollgasse 1a 1170 Wien Austria +43(0)1-486 30 05 E-Mail: office@green-brands.org \u00a0 Germany Kontakt: Norbert Lux Wacholderbergstr. 29 90587 Veitsbronn Germany Tel: +49-(0)911-97 99 5 99 Fax +49-(0)911-97 99 5 33...","og_url":"https:\/\/green-brands.org\/en\/kontakt\/","og_site_name":"GREEN BRANDS","article_modified_time":"2026-01-28T10:47:07+00:00","twitter_card":"summary_large_image","twitter_misc":{"Est. reading time":"2 minutes"},"schema":{"@context":"https:\/\/schema.org","@graph":[{"@type":"WebPage","@id":"https:\/\/green-brands.org\/en\/kontakt\/","url":"https:\/\/green-brands.org\/en\/kontakt\/","name":"Contact - GREEN BRANDS","isPartOf":{"@id":"https:\/\/green-brands.org\/#website"},"datePublished":"2020-06-30T09:57:24+00:00","dateModified":"2026-01-28T10:47:07+00:00","breadcrumb":{"@id":"https:\/\/green-brands.org\/en\/kontakt\/#breadcrumb"},"inLanguage":"en-US","potentialAction":[{"@type":"ReadAction","target":["https:\/\/green-brands.org\/en\/kontakt\/"]}]},{"@type":"BreadcrumbList","@id":"https:\/\/green-brands.org\/en\/kontakt\/#breadcrumb","itemListElement":[{"@type":"ListItem","position":1,"name":"Startseite","item":"https:\/\/green-brands.org\/en\/"},{"@type":"ListItem","position":2,"name":"Contact"}]},{"@type":"WebSite","@id":"https:\/\/green-brands.org\/#website","url":"https:\/\/green-brands.org\/","name":"GREEN BRANDS","description":"","potentialAction":[{"@type":"SearchAction","target":{"@type":"EntryPoint","urlTemplate":"https:\/\/green-brands.org\/?s={search_term_string}"},"query-input":{"@type":"PropertyValueSpecification","valueRequired":true,"valueName":"search_term_string"}}],"inLanguage":"en-US"}]}},"_links":{"self":[{"href":"https:\/\/green-brands.org\/en\/wp-json\/wp\/v2\/pages\/4901","targetHints":{"allow":["GET"]}}],"collection":[{"href":"https:\/\/green-brands.org\/en\/wp-json\/wp\/v2\/pages"}],"about":[{"href":"https:\/\/green-brands.org\/en\/wp-json\/wp\/v2\/types\/page"}],"author":[{"embeddable":true,"href":"https:\/\/green-brands.org\/en\/wp-json\/wp\/v2\/users\/1"}],"replies":[{"embeddable":true,"href":"https:\/\/green-brands.org\/en\/wp-json\/wp\/v2\/comments?post=4901"}],"version-history":[{"count":6,"href":"https:\/\/green-brands.org\/en\/wp-json\/wp\/v2\/pages\/4901\/revisions"}],"predecessor-version":[{"id":7938,"href":"https:\/\/green-brands.org\/en\/wp-json\/wp\/v2\/pages\/4901\/revisions\/7938"}],"wp:attachment":[{"href":"https:\/\/green-brands.org\/en\/wp-json\/wp\/v2\/media?parent=4901"}],"curies":[{"name":"wp","href":"https:\/\/api.w.org\/{rel}","templated":true}]}}